{"id":431533,"date":"2024-07-02T16:53:38","date_gmt":"2024-07-02T20:53:38","guid":{"rendered":"https:\/\/www.catalyst.org\/?page_id=431533"},"modified":"2024-10-22T14:32:27","modified_gmt":"2024-10-22T18:32:27","slug":"a-propos-des-chefs-de-la-direction-champions-for-change-de-catalyst","status":"publish","type":"page","link":"https:\/\/classic.catalyst.org\/fr\/a-propos-des-chefs-de-la-direction-champions-for-change-de-catalyst\/","title":{"rendered":"\u00c0 propos des chefs de la direction \u00ab Champions For Change \u00bb de Catalyst"},"content":{"rendered":"<a href=\"https:\/\/www.catalyst.org\/champions\/about\/\" class=\"su-button su-button-style-flat rebutton\" style=\"color:#FFFFFF;background-color:#f93e42;border-color:#c83235;border-radius:5px\" target=\"__blank\"><span style=\"color:#FFFFFF;padding:0px 16px;font-size:13px;line-height:26px;border-color:#fb787b;border-radius:5px;text-shadow:none\"> En anglais<\/span><\/a>\n<p>Les femmes repr\u00e9sentent environ 50 % de la population mondiale. <span id='easy-footnote-1-431533' class='easy-footnote-margin-adjust'><\/span><span class='easy-footnote'><a href='https:\/\/classic.catalyst.org\/fr\/a-propos-des-chefs-de-la-direction-champions-for-change-de-catalyst\/#easy-footnote-bottom-1-431533' title='&lt;a href=&quot;https:\/\/data.worldbank.org\/indicator\/SP.POP.TOTL.FE.ZS&quot; target=&quot;_blank&quot; rel=&quot;noopener&quot;&gt;Population, femmes (% du total)&lt;\/a&gt; [ensemble de donn\u00e9es]. (2022). La Banque mondiale.'><sup>1<\/sup><\/a><\/span>.  Leur contribution \u00e0 l\u2019\u00e9conomie mondiale est importante : les pays qui comptent au moins la moiti\u00e9 de leur population de femmes participant \u00e0 la main-d\u2019\u0153uvre contribuent \u00e0 62 % du produit int\u00e9rieur brut (PIB) mondial. <span id='easy-footnote-2-431533' class='easy-footnote-margin-adjust'><\/span><span class='easy-footnote'><a href='https:\/\/classic.catalyst.org\/fr\/a-propos-des-chefs-de-la-direction-champions-for-change-de-catalyst\/#easy-footnote-bottom-2-431533' title='&lt;em&gt;&lt;a href=&quot;https:\/\/www.gsam.com\/content\/gsam\/che\/en\/advisers\/market-insights\/gsam-connect\/2021\/Empowering-Women-How-COVID-19-has-Affected-the-Gender-Gap.html&quot; target=&quot;_blank&quot; rel=&quot;noopener&quot;&gt;Empowering women: How COVID-19 has affected the gender gap&lt;\/a&gt;&lt;\/em&gt;. (2021). Goldman Sachs Asset Management.'><sup>2<\/sup><\/a><\/span> Pourtant, la repr\u00e9sentation des femmes dans les postes de haute direction en affaires demeure \u00e9tonnamment faible. Seulement 6 % des entreprises Fortune Global 500 sont dirig\u00e9es par des cheffes de la direction, et les femmes occupent moins d\u2019un quart (23 %) des si\u00e8ges de conseil d\u2019administration partout dans le monde. <span id='easy-footnote-3-431533' class='easy-footnote-margin-adjust'><\/span><span class='easy-footnote'><a href='https:\/\/classic.catalyst.org\/fr\/a-propos-des-chefs-de-la-direction-champions-for-change-de-catalyst\/#easy-footnote-bottom-3-431533' title='Hinchliffe, E. &amp;amp; Abrams, J. (2023, August 2).\u00a0&lt;a href=&quot;https:\/\/fortune.com\/2023\/08\/02\/fortune-global-500-female-ceos-women\/&quot; target=&quot;_blank&quot; rel=&quot;noopener&quot;&gt;Meet the 29 female CEOs who run a record-high 5.8% of the companies on Fortune\u2019s Global 500 list&lt;\/a&gt;.\u00a0&lt;em&gt;Fortune&lt;\/em&gt;.'><sup>3<\/sup><\/a><\/span> Pour les femmes provenant de groupes raciaux et ethniques marginalis\u00e9s, les chiffres sont encore plus petits. <span id='easy-footnote-4-431533' class='easy-footnote-margin-adjust'><\/span><span class='easy-footnote'><a href='https:\/\/classic.catalyst.org\/fr\/a-propos-des-chefs-de-la-direction-champions-for-change-de-catalyst\/#easy-footnote-bottom-4-431533' title='&lt;a href=&quot;https:\/\/www2.deloitte.com\/us\/en\/pages\/center-for-board-effectiveness\/articles\/missing-pieces-report-board-diversity.html&quot; target=&quot;_blank&quot; rel=&quot;noopener&quot;&gt;&lt;em&gt;Missing pieces report: A board diversity census of women and underrepresented racial and ethnic groups on Fortune 500 boards, 7th edition&lt;\/em&gt;&lt;\/a&gt;. (2023). Alliance for Board Diversity and Deloitte.'><sup>4<\/sup><\/a><\/span> et 33 % des si\u00e8ges de conseil d\u2019administration du S&amp;P 500.<span id='easy-footnote-5-431533' class='easy-footnote-margin-adjust'><\/span><span class='easy-footnote'><a href='https:\/\/classic.catalyst.org\/fr\/a-propos-des-chefs-de-la-direction-champions-for-change-de-catalyst\/#easy-footnote-bottom-5-431533' title='&lt;a href=&quot;https:\/\/www.spencerstuart.com\/research-and-insight\/us-board-index&quot; target=&quot;_blank&quot; rel=&quot;noopener&quot;&gt;&lt;em&gt;2023 U.S. Spencer Stuart board index&lt;\/em&gt;&lt;\/a&gt;. (2023). Spencer Stuart.'><sup>5<\/sup><\/a><\/span> Pour les femmes provenant de groupes raciaux et ethniques marginalis\u00e9s, les chiffres sont encore plus lamentables.<span id='easy-footnote-6-431533' class='easy-footnote-margin-adjust'><\/span><span class='easy-footnote'><a href='https:\/\/classic.catalyst.org\/fr\/a-propos-des-chefs-de-la-direction-champions-for-change-de-catalyst\/#easy-footnote-bottom-6-431533' title='Par exemple, les femmes de couleur aux \u00c9tats-Unis d\u00e9tiennent 8 % des si\u00e8ges des soci\u00e9t\u00e9s figurant dans le classement Fortune 500. &lt;a href=&quot;https:\/\/www2.deloitte.com\/us\/en\/pages\/center-for-board-effectiveness\/articles\/missing-pieces-report-board-diversity.html&quot; target=&quot;_blank&quot; rel=&quot;noopener&quot;&gt;&lt;em&gt;Missing pieces report: A board diversity census of women and underrepresented racial and ethnic groups on Fortune 500 boards, 7th edition&lt;\/em&gt;&lt;\/a&gt;. (2023). Alliance for Board Diversity and Deloitte'><sup>6<\/sup><\/a><\/span> WNous devons changer la donne. Parce que les progr\u00e8s des femmes sont un progr\u00e8s pour tous. C\u2019est pourquoi lors de la Journ\u00e9e internationale des femmes de 2017, nous avons lanc\u00e9 le programme <em>Chef de la direction \u00ab Champions For Change \u00bb de Catalyst<\/em>.<\/p>\n<p>Aujourd\u2019hui, notre groupe comprend plus de <a href=\"https:\/\/www.catalyst.org\/champions\/ceo-champions\/\" target=\"_blank\" rel=\"noopener noreferrer\">80 chefs de la direction de grande r\u00e9putation<\/a> dont les entreprises repr\u00e9sentent plus de 11 millions d\u2019employ\u00e9\u00b7e\u00b7s et plus de trois billions de dollars de revenus \u00e0 l\u2019\u00e9chelle mondiale. <span id='easy-footnote-7-431533' class='easy-footnote-margin-adjust'><\/span><span class='easy-footnote'><a href='https:\/\/classic.catalyst.org\/fr\/a-propos-des-chefs-de-la-direction-champions-for-change-de-catalyst\/#easy-footnote-bottom-7-431533' title='Analyse de Catalyst des entreprises aux &lt;em&gt;PDG \u00ab Champions For Change \u00bb de Catalyst&lt;\/em&gt;'><sup>7<\/sup><\/a><\/span> Ces dirigeant\u00b7e\u00b7s fixent des limites et s\u2019engagent publiquement \u00e0 promouvoir davantage de femmes, en particulier celles provenant de groupes raciaux et ethniques marginalis\u00e9s, \u00e0 des postes de haute direction et \u00e0 leurs conseils d\u2019administration. En outre, ils partagent leurs donn\u00e9es sur l\u2019avancement des femmes afin que nous puissions mesurer et signaler collectivement nos progr\u00e8s.<\/p>\n<h3>Affirmation du soutien<\/h3>\n<p>Nous croyons au pouvoir de la diversit\u00e9, de l\u2019\u00e9quit\u00e9 et de l\u2019inclusion. En tant que dirigeant\u00b7e\u00b7s d\u2019entreprise, nous savons que faire en sorte que tout le monde r\u00e9ussisse au travail n\u2019est pas seulement juste, c\u2019est \u00e9galement sens\u00e9. Cela am\u00e9liore l\u2019innovation, le rendement et stimule l\u2019engagement des employ\u00e9\u00b7e\u00b7s.<span id='easy-footnote-8-431533' class='easy-footnote-margin-adjust'><\/span><span class='easy-footnote'><a href='https:\/\/classic.catalyst.org\/fr\/a-propos-des-chefs-de-la-direction-champions-for-change-de-catalyst\/#easy-footnote-bottom-8-431533' title='&lt;a href=&quot;https:\/\/www.catalyst.org\/research\/why-diversity-and-inclusion-matter\/&quot; target=&quot;_blank&quot; rel=&quot;noopener&quot;&gt;&lt;em&gt;Why diversity and inclusion matter: Quick Take&lt;\/em&gt;&lt;\/a&gt;. (2020). Catalyst; &lt;a href=&quot;https:\/\/www.catalyst.org\/research\/business-case-resources\/&quot; target=&quot;_blank&quot; rel=&quot;noopener&quot;&gt;&lt;em&gt;The business case for DEI: Ask Catalyst Express&lt;\/em&gt;&lt;\/a&gt;. (2023). Catalyst.'><sup>8<\/sup><\/a><\/span> Des progr\u00e8s ont \u00e9t\u00e9 r\u00e9alis\u00e9s, mais il reste encore beaucoup \u00e0 faire. Les femmes, en particulier les femmes provenant de groupes raciaux et ethniques marginalis\u00e9s, sont sous-repr\u00e9sent\u00e9es aux postes de cadres sup\u00e9rieurs et sur les conseils d\u2019administration. Il est temps de progresser plus rapidement et cela n\u00e9cessite une prise de position audacieuse.<\/p>\n<p>En tant que haute\u00b7s dirigeant\u00b7e\u00b7s, nous tenons nos \u00e9quipes et nous-m\u00eames responsables de faire en sorte que le changement se produise et d\u2019acc\u00e9l\u00e9rer la diversit\u00e9, l\u2019inclusion et l\u2019\u00e9quit\u00e9 des occasions au sein de nos organisations. Nous ferons tout pour que nous puissions r\u00e9ussir tous ensemble.<\/p>\n<p>\u00c0 cette fin, nous nous engageons \u00e0 continuer \u00e0 renforcer les mesures, les politiques et les pratiques en mati\u00e8re de diversit\u00e9 et d\u2019inclusion dans l\u2019ensemble de nos organisations. Nous nous engageons \u00e0 examiner et \u00e0 am\u00e9liorer le bassin de femmes provenant de milieux diff\u00e9rents pour leur promouvoir leur avancement et \u00e0 les autonomiser \u00e0 l\u2019aide d\u2019un solide syst\u00e8me de soutien. Nous nous engageons \u00e0 identifier et diminuer les obstacles structurels ou les pr\u00e9jug\u00e9s inconscients qui peuvent exister et \u00e0 faire tout ce que nous pouvons pour continuer \u00e0 b\u00e2tir une culture de travail inclusive.<\/p>\n<p>Nous allons mener ces actions avec Catalyst, un leader d\u2019opinion et un partenaire mondial de la promotion des femmes gr\u00e2ce \u00e0 l\u2019inclusion en milieu de travail qui lui est propre depuis plus de 60 ans. De plus, en partenariat avec Catalyst, nous rendrons compte publiquement de nos progr\u00e8s collectifs, afin que nous puissions continuer \u00e0 apprendre, \u00e0 am\u00e9liorer et \u00e0 acc\u00e9l\u00e9rer le changement et la prosp\u00e9rit\u00e9 inclusive pour tous.<\/p>\n<h3>Engagement organisationnel<\/h3>\n<p><em>Au nom de mon organisation, je veillerai \u00e0 :<\/em><\/p>\n<ul>\n<li>Maintenir (le cas \u00e9ch\u00e9ant) ou acc\u00e9l\u00e9rer la repr\u00e9sentation des femmes, en particulier des femmes provenant de groupes raciaux et ethniques marginalis\u00e9s, \u00e0 des postes de direction ou de haut niveau et au conseil d\u2019administration de la Soci\u00e9t\u00e9 (ou l\u2019\u00e9quivalent).<\/li>\n<li>Renforcer le bassin de femmes gr\u00e2ce \u00e0 une \u00e9valuation annuelle des diagnostics internes et mettre \u00e0 profit les pratiques exemplaires pour r\u00e9soudre les probl\u00e8mes identifi\u00e9s.<\/li>\n<li>Renforcer le bassin de femmes gr\u00e2ce \u00e0 une \u00e9valuation annuelle des diagnostics internes et mettre \u00e0 profit les pratiques exemplaires pour r\u00e9soudre les probl\u00e8mes identifi\u00e9s<\/li>\n<li>Comparer et faire le suivi de l\u2019inclusion et am\u00e9liorer la culture d\u2019inclusion au sein de mon organisation.<\/li>\n<li>Partager les mesures de repr\u00e9sentation cl\u00e9s avec Catalyst en vue d\u2019une analyse comparative et de production de rapports anonymis\u00e9s sur nos progr\u00e8s globaux collectifs.<\/li>\n<\/ul>\n<h3>Engagement personnel<\/h3>\n<p><em>En tant que leader, je veillerai personnellement \u00e0 :<\/em><\/p>\n<ul>\n<li>Parrainer activement les femmes, en particulier les femmes qui s\u2019identifient \u00e0 des groupes ethniques et raciaux marginalis\u00e9s.<\/li>\n<li>Donner l\u2019exemple d\u2019un changement positif \u00e0 l\u2019interne et \u00e0 l\u2019externe par mes paroles et mes actions.<\/li>\n<li>Favoriser et int\u00e9grer l\u2019inclusion dans la culture de mon organisation, en aidant \u00e0 autonomiser les femmes dans leur carri\u00e8re.<\/li>\n<li>Me tenir concr\u00e8tement responsable, de m\u00eame que les leaders de mon organisation, des progr\u00e8s accomplis.<\/li>\n<\/ul>\n<h3>Crit\u00e8res d\u2019adh\u00e9sion<\/h3>\n<p>\u00c0 compter de 2019, Catalyst a \u00e9largi les crit\u00e8res pour rejoindre cette communaut\u00e9, refl\u00e9tant le calibre des <em>Chefs de la direction \u00ab Champions For Change \u00bb de Catalyst<\/em> et pour encourager toutes les organisations \u00e0 \u00e9tablir des normes \u00e9lev\u00e9es pour la repr\u00e9sentation des femmes, en particulier celles qui s\u2019identifient aux groupes ethniques et raciaux marginalis\u00e9s, en leadership.<\/p>\n<p><em>Pour vous joindre \u00e0 cette communaut\u00e9 :<\/em><\/p>\n<ul>\n<li>L\u2019entreprise doit \u00eatre une supporter de Catalyst.<\/li>\n<li>Le\/la signataire doit \u00eatre le\/la chef de la direction ou le\/la pr\u00e9sident\u00b7e de l\u2019entreprise.<\/li>\n<li>L\u2019entreprise doit r\u00e9pondre aux crit\u00e8res de repr\u00e9sentation suivants :\n<ul>\n<li><strong>Au moins deux femmes<\/strong> si\u00e8gent au conseil d\u2019administration (ou l\u2019\u00e9quivalent d\u2019un conseil d\u2019administration pour les services professionnels et les cabinets d\u2019avocat\u00b7e\u00b7s).<\/li>\n<li><strong>Au moins deux femmes<\/strong> font partie de l\u2019\u00e9quipe de direction et appuient le\/la chef de la direction.<\/li>\n<li><strong>Au moins une femme (sur les quatre) provient d\u2019un groupe racial ou ethnique marginalis\u00e9.<\/strong><\/li>\n<\/ul>\n<\/li>\n<li>L\u2019entreprise doit s\u2019engager \u00e0 soumettre des donn\u00e9es de repr\u00e9sentation pour appuyer un rapport annuel soulignant les progr\u00e8s de la communaut\u00e9 des champions.<\/li>\n<\/ul>\n<p><a href=\"mailto:championsforchange@catalyst.org\"><strong><span style=\"color: #f93e42; font-size: 16pt;\">En savoir plus<\/span><\/strong><\/a><\/p>\n","protected":false},"excerpt":{"rendered":"<p>Les femmes repr\u00e9sentent environ 50 % de la population mondiale. . Leur contribution \u00e0 l\u2019\u00e9conomie mondiale est importante : les pays qui comptent au moins la moiti\u00e9 de leur population [&hellip;]<\/p>\n","protected":false},"author":9,"featured_media":0,"parent":0,"menu_order":172,"comment_status":"closed","ping_status":"closed","template":"","meta":{"_acf_changed":false,"footnotes":""},"language":[25],"campaign":[],"class_list":["post-431533","page","type-page","status-publish","hentry","language-english"],"acf":[],"yoast_head":"<!-- This site is optimized with the Yoast SEO Premium plugin v22.8 (Yoast SEO v23.9) - https:\/\/yoast.com\/wordpress\/plugins\/seo\/ -->\n<title>\u00c0 propos des chefs de la direction \u00ab Champions For Change \u00bb de Catalyst<\/title>\n<meta name=\"description\" content=\"Les femmes repr\u00e9sentent environ 50 % de la population mondiale. . Leur contribution \u00e0 l\u2019\u00e9conomie mondiale est importante : les pays qui comptent au moins\" \/>\n<meta name=\"robots\" content=\"noindex, follow, max-snippet:-1, max-image-preview:large, max-video-preview:-1\" \/>\n<meta property=\"og:locale\" content=\"fr_FR\" \/>\n<meta property=\"og:type\" content=\"article\" \/>\n<meta property=\"og:title\" content=\"\u00c0 propos des chefs de la direction \u00ab Champions For Change \u00bb de Catalyst\" \/>\n<meta property=\"og:description\" content=\"Les femmes repr\u00e9sentent environ 50 % de la population mondiale. . Leur contribution \u00e0 l\u2019\u00e9conomie mondiale est importante : les pays qui comptent au moins\" \/>\n<meta property=\"og:url\" content=\"https:\/\/classic.catalyst.org\/fr\/a-propos-des-chefs-de-la-direction-champions-for-change-de-catalyst\/\" \/>\n<meta property=\"og:site_name\" content=\"Catalyst\" \/>\n<meta property=\"article:publisher\" content=\"https:\/\/www.facebook.com\/catalystinc\/\" \/>\n<meta property=\"article:modified_time\" content=\"2024-10-22T18:32:27+00:00\" \/>\n<meta property=\"og:image\" content=\"https:\/\/classic.catalyst.org\/wp-content\/uploads\/2019\/03\/Catalyst-Logo-1200x630.png\" \/>\n\t<meta property=\"og:image:width\" content=\"1200\" \/>\n\t<meta property=\"og:image:height\" content=\"630\" \/>\n\t<meta property=\"og:image:type\" content=\"image\/png\" \/>\n<meta name=\"twitter:card\" content=\"summary_large_image\" \/>\n<meta name=\"twitter:site\" content=\"@CatalystInc\" \/>\n<meta name=\"twitter:label1\" content=\"Est. reading time\" \/>\n\t<meta name=\"twitter:data1\" content=\"6 minutes\" \/>\n<script type=\"application\/ld+json\" class=\"yoast-schema-graph\">{\"@context\":\"https:\/\/schema.org\",\"@graph\":[{\"@type\":\"WebPage\",\"@id\":\"https:\/\/classic.catalyst.org\/fr\/a-propos-des-chefs-de-la-direction-champions-for-change-de-catalyst\/\",\"url\":\"https:\/\/classic.catalyst.org\/fr\/a-propos-des-chefs-de-la-direction-champions-for-change-de-catalyst\/\",\"name\":\"\u00c0 propos des chefs de la direction \u00ab Champions For Change \u00bb de Catalyst\",\"isPartOf\":{\"@id\":\"https:\/\/classic.catalyst.org\/fr\/#website\"},\"datePublished\":\"2024-07-02T20:53:38+00:00\",\"dateModified\":\"2024-10-22T18:32:27+00:00\",\"description\":\"Les femmes repr\u00e9sentent environ 50 % de la population mondiale. . Leur contribution \u00e0 l\u2019\u00e9conomie mondiale est importante : les pays qui comptent au moins\",\"breadcrumb\":{\"@id\":\"https:\/\/classic.catalyst.org\/fr\/a-propos-des-chefs-de-la-direction-champions-for-change-de-catalyst\/#breadcrumb\"},\"inLanguage\":\"fr-FR\",\"potentialAction\":[{\"@type\":\"ReadAction\",\"target\":[\"https:\/\/classic.catalyst.org\/fr\/a-propos-des-chefs-de-la-direction-champions-for-change-de-catalyst\/\"]}]},{\"@type\":\"BreadcrumbList\",\"@id\":\"https:\/\/classic.catalyst.org\/fr\/a-propos-des-chefs-de-la-direction-champions-for-change-de-catalyst\/#breadcrumb\",\"itemListElement\":[{\"@type\":\"ListItem\",\"position\":1,\"name\":\"Home\",\"item\":\"https:\/\/live-catalystwp.pantheonsite.io\/fr\/\"},{\"@type\":\"ListItem\",\"position\":2,\"name\":\"\u00c0 propos des chefs de la direction \u00ab Champions For Change \u00bb de Catalyst\"}]},{\"@type\":\"WebSite\",\"@id\":\"https:\/\/classic.catalyst.org\/fr\/#website\",\"url\":\"https:\/\/classic.catalyst.org\/fr\/\",\"name\":\"Catalyst\",\"description\":\"Catalyst, a global nonprofit organization, helps build workplaces that work for women with preeminent thought leadership and actionable solutions.\",\"publisher\":{\"@id\":\"https:\/\/classic.catalyst.org\/fr\/#organization\"},\"potentialAction\":[{\"@type\":\"SearchAction\",\"target\":{\"@type\":\"EntryPoint\",\"urlTemplate\":\"https:\/\/classic.catalyst.org\/fr\/?s={search_term_string}\"},\"query-input\":{\"@type\":\"PropertyValueSpecification\",\"valueRequired\":true,\"valueName\":\"search_term_string\"}}],\"inLanguage\":\"fr-FR\"},{\"@type\":\"Organization\",\"@id\":\"https:\/\/classic.catalyst.org\/fr\/#organization\",\"name\":\"Catalyst Inc.\",\"alternateName\":\"Catalyst\",\"url\":\"https:\/\/classic.catalyst.org\/fr\/\",\"logo\":{\"@type\":\"ImageObject\",\"inLanguage\":\"fr-FR\",\"@id\":\"https:\/\/classic.catalyst.org\/fr\/#\/schema\/logo\/image\/\",\"url\":\"https:\/\/www.catalyst.org\/wp-content\/uploads\/2019\/03\/Catalyst-Logo-1200x630.png\",\"contentUrl\":\"https:\/\/www.catalyst.org\/wp-content\/uploads\/2019\/03\/Catalyst-Logo-1200x630.png\",\"width\":1200,\"height\":630,\"caption\":\"Catalyst Inc.\"},\"image\":{\"@id\":\"https:\/\/classic.catalyst.org\/fr\/#\/schema\/logo\/image\/\"},\"sameAs\":[\"https:\/\/www.facebook.com\/catalystinc\/\",\"https:\/\/x.com\/CatalystInc\",\"https:\/\/www.instagram.com\/catalystinc\/\",\"https:\/\/www.linkedin.com\/company\/catalystinc\/\",\"https:\/\/www.youtube.com\/user\/CatalystClips\",\"https:\/\/en.wikipedia.org\/wiki\/Catalyst_(nonprofit_organization)\"],\"description\":\"Catalyst is a global nonprofit supported by many of the world\u2019s most powerful CEOs and leading companies to help build workplaces that work for women.\",\"email\":\"info@catalyst.org\",\"telephone\":\"212-514-7600\",\"legalName\":\"Catalyst Inc.\",\"foundingDate\":\"1962-01-01\",\"numberOfEmployees\":{\"@type\":\"QuantitativeValue\",\"minValue\":\"51\",\"maxValue\":\"200\"}}]}<\/script>\n<!-- \/ Yoast SEO Premium plugin. -->","yoast_head_json":{"title":"\u00c0 propos des chefs de la direction \u00ab Champions For Change \u00bb de Catalyst","description":"Les femmes repr\u00e9sentent environ 50 % de la population mondiale. . Leur contribution \u00e0 l\u2019\u00e9conomie mondiale est importante : les pays qui comptent au moins","robots":{"index":"noindex","follow":"follow","max-snippet":"max-snippet:-1","max-image-preview":"max-image-preview:large","max-video-preview":"max-video-preview:-1"},"og_locale":"fr_FR","og_type":"article","og_title":"\u00c0 propos des chefs de la direction \u00ab Champions For Change \u00bb de Catalyst","og_description":"Les femmes repr\u00e9sentent environ 50 % de la population mondiale. . Leur contribution \u00e0 l\u2019\u00e9conomie mondiale est importante : les pays qui comptent au moins","og_url":"https:\/\/classic.catalyst.org\/fr\/a-propos-des-chefs-de-la-direction-champions-for-change-de-catalyst\/","og_site_name":"Catalyst","article_publisher":"https:\/\/www.facebook.com\/catalystinc\/","article_modified_time":"2024-10-22T18:32:27+00:00","og_image":[{"width":1200,"height":630,"url":"https:\/\/classic.catalyst.org\/wp-content\/uploads\/2019\/03\/Catalyst-Logo-1200x630.png","type":"image\/png"}],"twitter_card":"summary_large_image","twitter_site":"@CatalystInc","twitter_misc":{"Est. reading time":"6 minutes"},"schema":{"@context":"https:\/\/schema.org","@graph":[{"@type":"WebPage","@id":"https:\/\/classic.catalyst.org\/fr\/a-propos-des-chefs-de-la-direction-champions-for-change-de-catalyst\/","url":"https:\/\/classic.catalyst.org\/fr\/a-propos-des-chefs-de-la-direction-champions-for-change-de-catalyst\/","name":"\u00c0 propos des chefs de la direction \u00ab Champions For Change \u00bb de Catalyst","isPartOf":{"@id":"https:\/\/classic.catalyst.org\/fr\/#website"},"datePublished":"2024-07-02T20:53:38+00:00","dateModified":"2024-10-22T18:32:27+00:00","description":"Les femmes repr\u00e9sentent environ 50 % de la population mondiale. . Leur contribution \u00e0 l\u2019\u00e9conomie mondiale est importante : les pays qui comptent au moins","breadcrumb":{"@id":"https:\/\/classic.catalyst.org\/fr\/a-propos-des-chefs-de-la-direction-champions-for-change-de-catalyst\/#breadcrumb"},"inLanguage":"fr-FR","potentialAction":[{"@type":"ReadAction","target":["https:\/\/classic.catalyst.org\/fr\/a-propos-des-chefs-de-la-direction-champions-for-change-de-catalyst\/"]}]},{"@type":"BreadcrumbList","@id":"https:\/\/classic.catalyst.org\/fr\/a-propos-des-chefs-de-la-direction-champions-for-change-de-catalyst\/#breadcrumb","itemListElement":[{"@type":"ListItem","position":1,"name":"Home","item":"https:\/\/live-catalystwp.pantheonsite.io\/fr\/"},{"@type":"ListItem","position":2,"name":"\u00c0 propos des chefs de la direction \u00ab Champions For Change \u00bb de Catalyst"}]},{"@type":"WebSite","@id":"https:\/\/classic.catalyst.org\/fr\/#website","url":"https:\/\/classic.catalyst.org\/fr\/","name":"Catalyst","description":"Catalyst, a global nonprofit organization, helps build workplaces that work for women with preeminent thought leadership and actionable solutions.","publisher":{"@id":"https:\/\/classic.catalyst.org\/fr\/#organization"},"potentialAction":[{"@type":"SearchAction","target":{"@type":"EntryPoint","urlTemplate":"https:\/\/classic.catalyst.org\/fr\/?s={search_term_string}"},"query-input":{"@type":"PropertyValueSpecification","valueRequired":true,"valueName":"search_term_string"}}],"inLanguage":"fr-FR"},{"@type":"Organization","@id":"https:\/\/classic.catalyst.org\/fr\/#organization","name":"Catalyst Inc.","alternateName":"Catalyst","url":"https:\/\/classic.catalyst.org\/fr\/","logo":{"@type":"ImageObject","inLanguage":"fr-FR","@id":"https:\/\/classic.catalyst.org\/fr\/#\/schema\/logo\/image\/","url":"https:\/\/www.catalyst.org\/wp-content\/uploads\/2019\/03\/Catalyst-Logo-1200x630.png","contentUrl":"https:\/\/www.catalyst.org\/wp-content\/uploads\/2019\/03\/Catalyst-Logo-1200x630.png","width":1200,"height":630,"caption":"Catalyst Inc."},"image":{"@id":"https:\/\/classic.catalyst.org\/fr\/#\/schema\/logo\/image\/"},"sameAs":["https:\/\/www.facebook.com\/catalystinc\/","https:\/\/x.com\/CatalystInc","https:\/\/www.instagram.com\/catalystinc\/","https:\/\/www.linkedin.com\/company\/catalystinc\/","https:\/\/www.youtube.com\/user\/CatalystClips","https:\/\/en.wikipedia.org\/wiki\/Catalyst_(nonprofit_organization)"],"description":"Catalyst is a global nonprofit supported by many of the world\u2019s most powerful CEOs and leading companies to help build workplaces that work for women.","email":"info@catalyst.org","telephone":"212-514-7600","legalName":"Catalyst Inc.","foundingDate":"1962-01-01","numberOfEmployees":{"@type":"QuantitativeValue","minValue":"51","maxValue":"200"}}]}},"_links":{"self":[{"href":"https:\/\/classic.catalyst.org\/fr\/wp-json\/wp\/v2\/pages\/431533","targetHints":{"allow":["GET","POST","PUT","PATCH","DELETE"]}}],"collection":[{"href":"https:\/\/classic.catalyst.org\/fr\/wp-json\/wp\/v2\/pages"}],"about":[{"href":"https:\/\/classic.catalyst.org\/fr\/wp-json\/wp\/v2\/types\/page"}],"author":[{"embeddable":true,"href":"https:\/\/classic.catalyst.org\/fr\/wp-json\/wp\/v2\/users\/9"}],"replies":[{"embeddable":true,"href":"https:\/\/classic.catalyst.org\/fr\/wp-json\/wp\/v2\/comments?post=431533"}],"version-history":[{"count":17,"href":"https:\/\/classic.catalyst.org\/fr\/wp-json\/wp\/v2\/pages\/431533\/revisions"}],"predecessor-version":[{"id":459765,"href":"https:\/\/classic.catalyst.org\/fr\/wp-json\/wp\/v2\/pages\/431533\/revisions\/459765"}],"wp:attachment":[{"href":"https:\/\/classic.catalyst.org\/fr\/wp-json\/wp\/v2\/media?parent=431533"}],"wp:term":[{"taxonomy":"language","embeddable":true,"href":"https:\/\/classic.catalyst.org\/fr\/wp-json\/wp\/v2\/language?post=431533"},{"taxonomy":"campaign","embeddable":true,"href":"https:\/\/classic.catalyst.org\/fr\/wp-json\/wp\/v2\/campaign?post=431533"}],"curies":[{"name":"wp","href":"https:\/\/api.w.org\/{rel}","templated":true}]}}